{"id":15,"date":"2023-08-04T14:32:09","date_gmt":"2023-08-04T12:32:09","guid":{"rendered":"http:\/\/identite-a-domicile.fr\/index.php\/page-daccueil\/"},"modified":"2023-08-19T11:19:16","modified_gmt":"2023-08-19T09:19:16","slug":"page-daccueil","status":"publish","type":"page","link":"https:\/\/identite-a-domicile.fr\/","title":{"rendered":"Photos d&rsquo;identit\u00e9s \u00e0 domicile"},"content":{"rendered":"\n<div class=\"wp-block-group is-layout-flow wp-block-group-is-layout-flow\">\n<p>On a tous besoin de photos d&rsquo;identit\u00e9s aux normes officielles ou non.<\/p>\n<p>Pour diverses raisons, nous ne pouvons pas nous d\u00e9placer pour les r\u00e9aliser.<\/p>\n<p style=\"text-align: center;\"><strong>Alors faites-le de chez vous !<\/strong><\/p>\n<p>Et recevez votre photo directement dans votre bo\u00eete mail quelques heures apr\u00e8s votre demande et votre planche de 8 photos (2 pour les visa) sous quelques jours (d\u00e9lai courrier La Poste).<\/p>\n\n\n\n<p>Pour cela, rien de plus simple :<\/p>\n<\/div>\n\n\n\n<ul class=\"wp-block-list\">\n<li>Demandez \u00e0 une personne de vous prendre en photo devant un fond uni, clair de pr\u00e9f\u00e9rence, ou faites-la vous-m\u00eame en mode selphie<\/li>\n\n\n\n<li>Prenez la pose en respectant <a href=\"https:\/\/www.service-public.fr\/particuliers\/vosdroits\/F10619\">ces r\u00e8gles<\/a> (site du service public) : t\u00eate droite, bouche ferm\u00e9e, yeux et sourcils d\u00e9gag\u00e9s, pas de lunettes, pas de grandes boucles d&rsquo;oreilles et pas de pinces dans les cheveux<\/li>\n\n\n\n<li>Ne cadrez pas trop serrer, assurez-vous que la photo soit nette, suivez nos exemples :<\/li>\n<\/ul>\n\n\n\n<figure class=\"wp-block-gallery has-nested-images columns-default is-cropped wp-block-gallery-1 is-layout-flex wp-block-gallery-is-layout-flex\">\n<figure class=\"wp-block-image size-large is-resized\"><img decoding=\"async\" data-id=\"132\" src=\"https:\/\/identite-a-domicile.fr\/wp-content\/uploads\/2023\/08\/smartphone-525x1024.jpg\" alt=\"\" class=\"wp-image-132\" style=\"aspect-ratio:3\/2;object-fit:contain;height:200px\" height=\"200\" srcset=\"https:\/\/identite-a-domicile.fr\/wp-content\/uploads\/2023\/08\/smartphone-525x1024.jpg 525w, https:\/\/identite-a-domicile.fr\/wp-content\/uploads\/2023\/08\/smartphone-600x1170.jpg 600w, https:\/\/identite-a-domicile.fr\/wp-content\/uploads\/2023\/08\/smartphone-154x300.jpg 154w, https:\/\/identite-a-domicile.fr\/wp-content\/uploads\/2023\/08\/smartphone-768x1497.jpg 768w, https:\/\/identite-a-domicile.fr\/wp-content\/uploads\/2023\/08\/smartphone-788x1536.jpg 788w, https:\/\/identite-a-domicile.fr\/wp-content\/uploads\/2023\/08\/smartphone-1051x2048.jpg 1051w, https:\/\/identite-a-domicile.fr\/wp-content\/uploads\/2023\/08\/smartphone.jpg 1181w\" sizes=\"(max-width: 525px) 100vw, 525px\" \/><\/figure>\n\n\n\n<figure class=\"wp-block-image size-large\"><img loading=\"lazy\" decoding=\"async\" width=\"1024\" height=\"683\" data-id=\"43\" src=\"https:\/\/identite-a-domicile.fr\/wp-content\/uploads\/2023\/08\/cadrage-01-1024x683.jpg\" alt=\"\" class=\"wp-image-43\" style=\"aspect-ratio:3\/2;object-fit:contain\" srcset=\"https:\/\/identite-a-domicile.fr\/wp-content\/uploads\/2023\/08\/cadrage-01-1024x683.jpg 1024w, https:\/\/identite-a-domicile.fr\/wp-content\/uploads\/2023\/08\/cadrage-01-600x400.jpg 600w, https:\/\/identite-a-domicile.fr\/wp-content\/uploads\/2023\/08\/cadrage-01-300x200.jpg 300w, https:\/\/identite-a-domicile.fr\/wp-content\/uploads\/2023\/08\/cadrage-01-768x512.jpg 768w, https:\/\/identite-a-domicile.fr\/wp-content\/uploads\/2023\/08\/cadrage-01.jpg 1063w\" sizes=\"auto, (max-width: 1024px) 100vw, 1024px\" \/><\/figure>\n<\/figure>\n\n\n\n<p>Si vous choisissez une photo d&rsquo;identit\u00e9 avec le code ANTS (pour le permis de conduite par exemple), apposez votre signature sur une feuille A4 blanche, prenez-la en photo et joignez la \u00e0 votre photo d&rsquo;identit\u00e9 (sans la main\u2026)<\/p>\n\n\n\n<figure class=\"wp-block-image aligncenter is-resized\"><img loading=\"lazy\" decoding=\"async\" src=\"https:\/\/identite-a-domicile.fr\/wp-content\/uploads\/2023\/08\/signature.jpg\" alt=\"\" class=\"wp-image-74\" style=\"width:345px;height:259px\" width=\"345\" height=\"259\" srcset=\"https:\/\/identite-a-domicile.fr\/wp-content\/uploads\/2023\/08\/signature.jpg 425w, https:\/\/identite-a-domicile.fr\/wp-content\/uploads\/2023\/08\/signature-300x225.jpg 300w\" sizes=\"auto, (max-width: 345px) 100vw, 345px\" \/><\/figure>\n\n\n<p>C&rsquo;est fait !<\/p>\n<p>Il ne vous reste plus qu&rsquo;\u00e0 choisir le produit correspondant \u00e0 votre besoin, ajouter (\u00ab\u00a0Choix des options\u00a0\u00bb) et valider votre panier.<\/p>\n<p>Vous recevrez une version num\u00e9rique de votre photo en quelques heures et votre planche de 8 photos (2 pour les visa) sous quelques jours.<\/p>\n<\/p>\n\n\n<figure class=\"wp-block-gallery has-nested-images columns-default is-cropped wp-block-gallery-2 is-layout-flex wp-block-gallery-is-layout-flex\">\n<figure class=\"wp-block-image size-large is-resized\"><img decoding=\"async\" data-id=\"131\" src=\"https:\/\/identite-a-domicile.fr\/wp-content\/uploads\/2023\/08\/ID-single-796x1024.jpg\" alt=\"\" class=\"wp-image-131\" style=\"aspect-ratio:3\/2;object-fit:contain;height:200px\" height=\"200\" srcset=\"https:\/\/identite-a-domicile.fr\/wp-content\/uploads\/2023\/08\/ID-single-796x1024.jpg 796w, https:\/\/identite-a-domicile.fr\/wp-content\/uploads\/2023\/08\/ID-single-600x772.jpg 600w, https:\/\/identite-a-domicile.fr\/wp-content\/uploads\/2023\/08\/ID-single-233x300.jpg 233w, https:\/\/identite-a-domicile.fr\/wp-content\/uploads\/2023\/08\/ID-single-768x988.jpg 768w, https:\/\/identite-a-domicile.fr\/wp-content\/uploads\/2023\/08\/ID-single-1194x1536.jpg 1194w, https:\/\/identite-a-domicile.fr\/wp-content\/uploads\/2023\/08\/ID-single.jpg 1535w\" sizes=\"(max-width: 796px) 100vw, 796px\" \/><\/figure>\n\n\n\n<figure class=\"wp-block-image size-large\"><img loading=\"lazy\" decoding=\"async\" width=\"1024\" height=\"682\" data-id=\"130\" src=\"https:\/\/identite-a-domicile.fr\/wp-content\/uploads\/2023\/08\/ID-8-1024x682.jpg\" alt=\"\" class=\"wp-image-130\" style=\"aspect-ratio:3\/2;object-fit:contain\" srcset=\"https:\/\/identite-a-domicile.fr\/wp-content\/uploads\/2023\/08\/ID-8-1024x682.jpg 1024w, https:\/\/identite-a-domicile.fr\/wp-content\/uploads\/2023\/08\/ID-8-600x400.jpg 600w, https:\/\/identite-a-domicile.fr\/wp-content\/uploads\/2023\/08\/ID-8-300x200.jpg 300w, https:\/\/identite-a-domicile.fr\/wp-content\/uploads\/2023\/08\/ID-8-768x512.jpg 768w, https:\/\/identite-a-domicile.fr\/wp-content\/uploads\/2023\/08\/ID-8-1536x1024.jpg 1536w, https:\/\/identite-a-domicile.fr\/wp-content\/uploads\/2023\/08\/ID-8.jpg 1772w\" sizes=\"auto, (max-width: 1024px) 100vw, 1024px\" \/><\/figure>\n<\/figure>\n\n\n\n<p><\/p>\n\n\n\n<p>Pour l&rsquo;ANTS et les VISA, si votre photo n&rsquo;est pas compatible, pas de panique, vous recevrez un mail en vous demandant d&rsquo;en renvoyer une autre.<\/p>\n\n\n\n<p>Les fichiers sont \u00e0 ins\u00e9rer lors de la validation de la commande.<\/p>\n\n\n\n<p>Si vous utilisez Apple Pay, attendez d&rsquo;\u00eatre sur la page de validation de la commande et d&rsquo;avoir ins\u00e9rer vos fichiers avant de proc\u00e9der au paiement.<\/p>\n\n\n\n<hr class=\"wp-block-separator has-alpha-channel-opacity\"\/>\n\n\n\n<h2 class=\"wp-block-heading alignwide has-text-align-center\">Les Produits<\/h2>\n\n\n<div data-block-name=\"woocommerce\/product-new\" class=\"wc-block-grid wp-block-product-new wp-block-woocommerce-product-new wc-block-product-new has-3-columns has-multiple-rows\"><ul class=\"wc-block-grid__products\"><li class=\"wc-block-grid__product\">\n\t\t\t\t<a href=\"https:\/\/identite-a-domicile.fr\/index.php\/produit\/photo-didentite-libre\/\" class=\"wc-block-grid__product-link\">\n\t\t\t\t\t\n\t\t\t\t\t<div class=\"wc-block-grid__product-image\"><img loading=\"lazy\" decoding=\"async\" width=\"300\" height=\"283\" src=\"https:\/\/identite-a-domicile.fr\/wp-content\/uploads\/2023\/08\/ID-non-off-300x283.jpg\" class=\"attachment-woocommerce_thumbnail size-woocommerce_thumbnail\" alt=\"Photo d&#039;identit\u00e9 libre\" \/><\/div>\n\t\t\t\t\t<div class=\"wc-block-grid__product-title\">Photo d&rsquo;identit\u00e9 libre<\/div>\n\t\t\t\t<\/a>\n\t\t\t\t<div class=\"wc-block-grid__product-price price\"><span class=\"woocommerce-Price-amount amount\">15.00<span class=\"woocommerce-Price-currencySymbol\">&euro;<\/span><\/span><\/div>\n\t\t\t\t\n\t\t\t\t<div class=\"wp-block-button wc-block-grid__product-add-to-cart\"><a href=\"https:\/\/identite-a-domicile.fr\/index.php\/produit\/photo-didentite-libre\/\" aria-label=\"Ajouter au panier\u00a0: &ldquo;Photo d&#039;identit\u00e9 libre&rdquo;\" data-quantity=\"1\" data-product_id=\"68\" data-product_sku=\"photo-didentite-libre\" data-price=\"15\" rel=\"nofollow\" class=\"wp-block-button__link wp-element-button add_to_cart_button\">Select options<\/a><\/div>\n\t\t\t<\/li><li class=\"wc-block-grid__product\">\n\t\t\t\t<a href=\"https:\/\/identite-a-domicile.fr\/index.php\/produit\/photo-didentite-aux-normes-europeennes\/\" class=\"wc-block-grid__product-link\">\n\t\t\t\t\t\n\t\t\t\t\t<div class=\"wc-block-grid__product-image\"><img loading=\"lazy\" decoding=\"async\" width=\"258\" height=\"196\" src=\"https:\/\/identite-a-domicile.fr\/wp-content\/uploads\/2023\/08\/papiers-identite.jpg\" class=\"attachment-woocommerce_thumbnail size-woocommerce_thumbnail\" alt=\"Photo d&#039;identit\u00e9 aux normes europ\u00e9ennes\" \/><\/div>\n\t\t\t\t\t<div class=\"wc-block-grid__product-title\">Photo d&rsquo;identit\u00e9 aux normes europ\u00e9ennes<\/div>\n\t\t\t\t<\/a>\n\t\t\t\t<div class=\"wc-block-grid__product-price price\"><span class=\"woocommerce-Price-amount amount\">15.00<span class=\"woocommerce-Price-currencySymbol\">&euro;<\/span><\/span><\/div>\n\t\t\t\t\n\t\t\t\t<div class=\"wp-block-button wc-block-grid__product-add-to-cart\"><a href=\"https:\/\/identite-a-domicile.fr\/index.php\/produit\/photo-didentite-aux-normes-europeennes\/\" aria-label=\"Ajouter au panier\u00a0: &ldquo;Photo d&#039;identit\u00e9 aux normes europ\u00e9ennes&rdquo;\" data-quantity=\"1\" data-product_id=\"61\" data-product_sku=\"photo-didentite-aux-normes-europeennes\" data-price=\"15\" rel=\"nofollow\" class=\"wp-block-button__link wp-element-button add_to_cart_button\">Select options<\/a><\/div>\n\t\t\t<\/li><li class=\"wc-block-grid__product\">\n\t\t\t\t<a href=\"https:\/\/identite-a-domicile.fr\/index.php\/produit\/photo-didentite-avec-numero-ants-pour-les-permis-de-conduire-copie\/\" class=\"wc-block-grid__product-link\">\n\t\t\t\t\t\n\t\t\t\t\t<div class=\"wc-block-grid__product-image\"><img loading=\"lazy\" decoding=\"async\" width=\"300\" height=\"251\" src=\"https:\/\/identite-a-domicile.fr\/wp-content\/uploads\/2023\/08\/ID-ANTS-300x251.jpg\" class=\"attachment-woocommerce_thumbnail size-woocommerce_thumbnail\" alt=\"Photo d&#039;identit\u00e9 avec num\u00e9ro ANTS pour les permis de conduire\" \/><\/div>\n\t\t\t\t\t<div class=\"wc-block-grid__product-title\">Photo d&rsquo;identit\u00e9 avec num\u00e9ro ANTS pour les permis de conduire<\/div>\n\t\t\t\t<\/a>\n\t\t\t\t<div class=\"wc-block-grid__product-price price\"><span class=\"woocommerce-Price-amount amount\">20.00<span class=\"woocommerce-Price-currencySymbol\">&euro;<\/span><\/span><\/div>\n\t\t\t\t\n\t\t\t\t<div class=\"wp-block-button wc-block-grid__product-add-to-cart\"><a href=\"https:\/\/identite-a-domicile.fr\/index.php\/produit\/photo-didentite-avec-numero-ants-pour-les-permis-de-conduire-copie\/\" aria-label=\"Ajouter au panier\u00a0: &ldquo;Photo d&#039;identit\u00e9 avec num\u00e9ro ANTS pour les permis de conduire&rdquo;\" data-quantity=\"1\" data-product_id=\"54\" data-product_sku=\"photo-didentite-1\" data-price=\"20\" rel=\"nofollow\" class=\"wp-block-button__link wp-element-button add_to_cart_button\">Select options<\/a><\/div>\n\t\t\t<\/li><li class=\"wc-block-grid__product\">\n\t\t\t\t<a href=\"https:\/\/identite-a-domicile.fr\/index.php\/produit\/photo-didentite-pour-visa\/\" class=\"wc-block-grid__product-link\">\n\t\t\t\t\t\n\t\t\t\t\t<div class=\"wc-block-grid__product-image\"><img loading=\"lazy\" decoding=\"async\" width=\"450\" height=\"283\" src=\"https:\/\/identite-a-domicile.fr\/wp-content\/uploads\/2023\/08\/visa-450x283.jpg\" class=\"attachment-woocommerce_thumbnail size-woocommerce_thumbnail\" alt=\"Photo d&#039;identit\u00e9 pour VISA\" \/><\/div>\n\t\t\t\t\t<div class=\"wc-block-grid__product-title\">Photo d&rsquo;identit\u00e9 pour VISA<\/div>\n\t\t\t\t<\/a>\n\t\t\t\t<div class=\"wc-block-grid__product-price price\"><span class=\"woocommerce-Price-amount amount\">15.00<span class=\"woocommerce-Price-currencySymbol\">&euro;<\/span><\/span><\/div>\n\t\t\t\t\n\t\t\t\t<div class=\"wp-block-button wc-block-grid__product-add-to-cart\"><a href=\"https:\/\/identite-a-domicile.fr\/index.php\/produit\/photo-didentite-pour-visa\/\" aria-label=\"Ajouter au panier\u00a0: &ldquo;Photo d&#039;identit\u00e9 pour VISA&rdquo;\" data-quantity=\"1\" data-product_id=\"52\" data-product_sku=\"photo-didentite-pour-visa\" data-price=\"15\" rel=\"nofollow\" class=\"wp-block-button__link wp-element-button add_to_cart_button\">Select options<\/a><\/div>\n\t\t\t<\/li><\/ul><\/div>","protected":false},"excerpt":{"rendered":"<p>On a tous besoin de photos d&rsquo;identit\u00e9s aux normes officielles ou non. Pour diverses raisons, nous ne pouvons pas nous d\u00e9placer pour les r\u00e9aliser. Alors faites-le de chez vous ! Et recevez votre photo directement dans votre bo\u00eete mail quelques heures apr\u00e8s votre demande et votre planche de 8 photos (2 pour les visa) sous [&hellip;]<\/p>\n","protected":false},"author":1,"featured_media":0,"parent":0,"menu_order":0,"comment_status":"closed","ping_status":"closed","template":"","meta":{"footnotes":""},"class_list":["post-15","page","type-page","status-publish","hentry"],"jetpack_sharing_enabled":true,"_links":{"self":[{"href":"https:\/\/identite-a-domicile.fr\/index.php\/wp-json\/wp\/v2\/pages\/15","targetHints":{"allow":["GET"]}}],"collection":[{"href":"https:\/\/identite-a-domicile.fr\/index.php\/wp-json\/wp\/v2\/pages"}],"about":[{"href":"https:\/\/identite-a-domicile.fr\/index.php\/wp-json\/wp\/v2\/types\/page"}],"author":[{"embeddable":true,"href":"https:\/\/identite-a-domicile.fr\/index.php\/wp-json\/wp\/v2\/users\/1"}],"replies":[{"embeddable":true,"href":"https:\/\/identite-a-domicile.fr\/index.php\/wp-json\/wp\/v2\/comments?post=15"}],"version-history":[{"count":37,"href":"https:\/\/identite-a-domicile.fr\/index.php\/wp-json\/wp\/v2\/pages\/15\/revisions"}],"predecessor-version":[{"id":154,"href":"https:\/\/identite-a-domicile.fr\/index.php\/wp-json\/wp\/v2\/pages\/15\/revisions\/154"}],"wp:attachment":[{"href":"https:\/\/identite-a-domicile.fr\/index.php\/wp-json\/wp\/v2\/media?parent=15"}],"curies":[{"name":"wp","href":"https:\/\/api.w.org\/{rel}","templated":true}]}}